{"id":17,"date":"2013-03-14T21:06:03","date_gmt":"2013-03-14T21:06:03","guid":{"rendered":"http:\/\/www.jumalniemenkauppakeskus.fi\/?page_id=17"},"modified":"2025-10-28T10:17:06","modified_gmt":"2025-10-28T08:17:06","slug":"kartta-ja-yhteystiedot","status":"publish","type":"page","link":"https:\/\/www.jumalniemenkauppakeskus.fi\/ru\/kartta-ja-yhteystiedot\/","title":{"rendered":"\u041a\u0430\u0440\u0442\u0430 \u0438 \u043a\u043e\u043d\u0442\u0430\u043a\u0442\u043d\u0430\u044f \u0438\u043d\u0444\u043e\u0440\u043c\u0430\u0446\u0438\u044f"},"content":{"rendered":"<p><\/p>\n<p><strong>\u041f\u043e\u0447\u0442\u043e\u0432\u044b\u0439 \u0430\u0434\u0440\u0435\u0441:<\/strong><br \/>\n\u0422\u043e\u0440\u0433\u043e\u0432\u044b\u0439 \u0446\u0435\u043d\u0442\u0440 \u042e\u043c\u0430\u043b\u043d\u0438\u0435\u043c\u0438 (Jumalniemi)<br \/>\n\u042e\u043c\u0430\u043b\u043d\u0438\u0435\u043c\u0435\u043d\u0442\u0438\u0435 7<br \/>\n48600 KOTKA<\/p>\n<p><iframe loading=\"lazy\" src=\"http:\/\/maps.google.fi\/maps?q=Anttila+Oy,&amp;hl=fi&amp;sll=62.593341,27.575684&amp;sspn=14.396027,37.22168&amp;hq=Anttila+Oy,&amp;hnear=Jumalniementie&amp;t=m&amp;ie=UTF8&amp;source=embed&amp;geocode=FeQ8mwMd3KmaAQ&amp;ll=60.504709,26.914144&amp;spn=0.007395,0.018239&amp;z=15&amp;output=embed\" width=\"425\" height=\"350\" frameborder=\"0\" marginwidth=\"0\" marginheight=\"0\" scrolling=\"no\"><\/iframe><br \/>\n<small><a style=\"color: #0000ff; text-align: left;\" href=\"http:\/\/maps.google.fi\/maps?q=Anttila+Oy,&amp;hl=fi&amp;sll=62.593341,27.575684&amp;sspn=14.396027,37.22168&amp;hq=Anttila+Oy,&amp;hnear=Jumalniementie&amp;t=m&amp;ie=UTF8&amp;source=embed&amp;geocode=FeQ8mwMd3KmaAQ&amp;ll=60.504709,26.914144&amp;spn=0.007395,0.018239&amp;z=15\">N\u00e4yt\u00e4 suurempi kartta<\/a><\/small><\/p>\n<p><strong>\u041a\u043e\u043d\u0442\u0430\u043a\u0442\u043d\u0430\u044f \u0438\u043d\u0444\u043e\u0440\u043c\u0430\u0446\u0438\u044f<\/strong><\/p>\n<ul>\n<li><strong>\u0422\u0435\u0445\u043d\u0438\u0447\u0435\u0441\u043a\u043e\u0435 \u043e\u0431\u0441\u043b\u0443\u0436\u0438\u0432\u0430\u043d\u0438\u0435 <\/strong>Tuukka Mett\u00e4l\u00e4, <a href=\"tuukka.mettala@caverion.com\">tuukka.mettala@caverion.fi<\/a>, 358 (0) 46\u00a0922 6425, Caverion Suomi Oy<\/li>\n<\/ul>\n<ul>\n<li><strong>\u041c\u0430\u0440\u043a\u0435\u0442\u0438\u043d\u0433 <\/strong>\u041b\u0435\u0439\u043b\u0430 \u042f\u0441\u043a\u0430\u043d\u0435\u043d, <a href=\"mailto:leila.jaskanen@akileija.inet.fi\">leila.jaskanen@akileija.inet.fi<\/a>, \u0442\u0435\u043b. +358 (0)40 522 2293<\/li>\n<li><strong>\u0410\u0440\u0435\u043d\u0434\u0430 \u043f\u043e\u043c\u0435\u0449\u0435\u043d\u0438\u0439\u00a0 <\/strong>Tytti Juhokas, asiakkuusp\u00e4\u00e4llikk\u00f6, <a href=\"http:\/\/tytti.juhokas@varma.fi\">tytti.juhokas@varma.fi<\/a> , +358 50 463 5268, \u041a\u043e\u043c\u043f\u0430\u043d\u0438\u044f \u0412\u0437\u0430\u0438\u043c\u043d\u043e\u0433\u043e \u041f\u0435\u043d\u0441\u0438\u043e\u043d\u043d\u043e\u0433\u043e \u0421\u0442\u0440\u0430\u0445\u043e\u0432\u0430\u043d\u0438\u044f \u0412\u0430\u0440\u043c\u0430 (Varma)<\/li>\n<\/ul>\n<p><\/p>","protected":false},"excerpt":{"rendered":"<p>\u041f\u043e\u0447\u0442\u043e\u0432\u044b\u0439 \u0430\u0434\u0440\u0435\u0441: \u0422\u043e\u0440\u0433\u043e\u0432\u044b\u0439 \u0446\u0435\u043d\u0442\u0440 \u042e\u043c\u0430\u043b\u043d\u0438\u0435\u043c\u0438 (Jumalniemi) \u042e\u043c\u0430\u043b\u043d\u0438\u0435\u043c\u0435\u043d\u0442\u0438\u0435 7 48600 KOTKA N\u00e4yt\u00e4 suurempi kartta \u041a\u043e\u043d\u0442\u0430\u043a\u0442\u043d\u0430\u044f \u0438\u043d\u0444\u043e\u0440\u043c\u0430\u0446\u0438\u044f \u0422\u0435\u0445\u043d\u0438\u0447\u0435\u0441\u043a\u043e\u0435 \u043e\u0431\u0441\u043b\u0443\u0436\u0438\u0432\u0430\u043d\u0438\u0435 Tuukka Mett\u00e4l\u00e4, tuukka.mettala@caverion.fi, 358 (0) 46\u00a0922 6425, Caverion Suomi Oy \u041c\u0430\u0440\u043a\u0435\u0442\u0438\u043d\u0433 \u041b\u0435\u0439\u043b\u0430 \u042f\u0441\u043a\u0430\u043d\u0435\u043d, leila.jaskanen@akileija.inet.fi, \u0442\u0435\u043b. +358 (0)40 522 2293 \u0410\u0440\u0435\u043d\u0434\u0430 \u043f\u043e\u043c\u0435\u0449\u0435\u043d\u0438\u0439\u00a0 Tytti Juhokas, asiakkuusp\u00e4\u00e4llikk\u00f6, tytti.juhokas@varma.fi , +358 50 463 5268, \u041a\u043e\u043c\u043f\u0430\u043d\u0438\u044f \u0412\u0437\u0430\u0438\u043c\u043d\u043e\u0433\u043e \u041f\u0435\u043d\u0441\u0438\u043e\u043d\u043d\u043e\u0433\u043e \u0421\u0442\u0440\u0430\u0445\u043e\u0432\u0430\u043d\u0438\u044f \u0412\u0430\u0440\u043c\u0430 (Varma)<\/p>\n","protected":false},"author":6,"featured_media":0,"parent":0,"menu_order":0,"comment_status":"closed","ping_status":"closed","template":"","meta":{"footnotes":""},"class_list":["post-17","page","type-page","status-publish","hentry"],"_links":{"self":[{"href":"https:\/\/www.jumalniemenkauppakeskus.fi\/ru\/wp-json\/wp\/v2\/pages\/17","targetHints":{"allow":["GET"]}}],"collection":[{"href":"https:\/\/www.jumalniemenkauppakeskus.fi\/ru\/wp-json\/wp\/v2\/pages"}],"about":[{"href":"https:\/\/www.jumalniemenkauppakeskus.fi\/ru\/wp-json\/wp\/v2\/types\/page"}],"author":[{"embeddable":true,"href":"https:\/\/www.jumalniemenkauppakeskus.fi\/ru\/wp-json\/wp\/v2\/users\/6"}],"replies":[{"embeddable":true,"href":"https:\/\/www.jumalniemenkauppakeskus.fi\/ru\/wp-json\/wp\/v2\/comments?post=17"}],"version-history":[{"count":24,"href":"https:\/\/www.jumalniemenkauppakeskus.fi\/ru\/wp-json\/wp\/v2\/pages\/17\/revisions"}],"predecessor-version":[{"id":1526,"href":"https:\/\/www.jumalniemenkauppakeskus.fi\/ru\/wp-json\/wp\/v2\/pages\/17\/revisions\/1526"}],"wp:attachment":[{"href":"https:\/\/www.jumalniemenkauppakeskus.fi\/ru\/wp-json\/wp\/v2\/media?parent=17"}],"curies":[{"name":"wp","href":"https:\/\/api.w.org\/{rel}","templated":true}]}}