{"id":2,"date":"2012-08-23T13:05:20","date_gmt":"2012-08-23T13:05:20","guid":{"rendered":"http:\/\/wp.kvaliitti.fi\/?page_id=2"},"modified":"2026-04-01T13:56:04","modified_gmt":"2026-04-01T10:56:04","slug":"esimerkkisivu","status":"publish","type":"page","link":"https:\/\/www.jumalniemenkauppakeskus.fi\/ru\/","title":{"rendered":"Jumalniemen kauppakeskus &#8212; helposti kotoisaan arkeen!"},"content":{"rendered":"<p><a href=\"https:\/\/www.jumalniemenkauppakeskus.fi\/wp-content\/uploads\/2020\/02\/flower-3140492_1920.jpg\"><img loading=\"lazy\" decoding=\"async\" class=\"alignleft size-full wp-image-813\" src=\"https:\/\/www.jumalniemenkauppakeskus.fi\/wp-content\/uploads\/2020\/02\/flower-3140492_1920.jpg\" alt=\"\" width=\"1920\" height=\"1283\" srcset=\"https:\/\/www.jumalniemenkauppakeskus.fi\/wp-content\/uploads\/2020\/02\/flower-3140492_1920.jpg 1920w, https:\/\/www.jumalniemenkauppakeskus.fi\/wp-content\/uploads\/2020\/02\/flower-3140492_1920-300x200.jpg 300w, https:\/\/www.jumalniemenkauppakeskus.fi\/wp-content\/uploads\/2020\/02\/flower-3140492_1920-1024x684.jpg 1024w, https:\/\/www.jumalniemenkauppakeskus.fi\/wp-content\/uploads\/2020\/02\/flower-3140492_1920-768x513.jpg 768w, https:\/\/www.jumalniemenkauppakeskus.fi\/wp-content\/uploads\/2020\/02\/flower-3140492_1920-1536x1026.jpg 1536w\" sizes=\"auto, (max-width: 1920px) 100vw, 1920px\" \/><\/a><br \/>\n<span style=\"color: #000080;\">Jumalniemen kauppakeskuksessa teit\u00e4 palvelee yhdeks\u00e4n kotiin ja vapaa-aikaan erikoistunutta liikett\u00e4. Tokmannin ja Jyskin sis\u00e4\u00e4nk\u00e4ynteihin\u00a0 p\u00e4\u00e4set suoraan parkkialueelta ja Pentikin, Iittala outletin, Mustin ja Mirrin, Maskun, Powerin sek\u00e4 Intersportin sis\u00e4\u00e4nk\u00e4ynnit ovat Galleria-k\u00e4yt\u00e4v\u00e4ll\u00e4. Lis\u00e4ksi viimeisen\u00e4 tulokkaana 2. kerroksessa Kymenlaakson\u00a0 hyvinvointialueen apuv\u00e4linekeskus ja hoitotarvikejakelu.<\/span><\/p>\n<p><span style=\"color: #000080;\">Galleria-k\u00e4yt\u00e4v\u00e4lt\u00e4 l\u00f6ytyy my\u00f6s yleis\u00f6-wc ja\u00a0 kahviautomaatti.<\/span><\/p>\n<h3><span style=\"color: #000080;\">Tervetuloa kev\u00e4t!<\/span><\/h3>\n<p><span style=\"color: #000080;\">Tulethan k\u00e4ym\u00e4\u00e4n lauantaina 29.4. Jumalniemen kauppakeskuksen VappuHulinoilla. Kivaa koko perheelle ja liikkeet tulvillaan kev\u00e4tt\u00e4!<\/span><a href=\"https:\/\/www.jumalniemenkauppakeskus.fi\/wp-content\/uploads\/2023\/04\/Vappuhulinat-Jumalniemen-kauppakeskuksessa-la-29.4.-klo-11-14.30.png\"><img loading=\"lazy\" decoding=\"async\" class=\"alignleft size-full wp-image-1170\" src=\"https:\/\/www.jumalniemenkauppakeskus.fi\/wp-content\/uploads\/2023\/04\/Vappuhulinat-Jumalniemen-kauppakeskuksessa-la-29.4.-klo-11-14.30.png\" alt=\"\" width=\"940\" height=\"788\" \/><\/a><\/p>","protected":false},"excerpt":{"rendered":"<p>Jumalniemen kauppakeskuksessa teit\u00e4 palvelee yhdeks\u00e4n kotiin ja vapaa-aikaan erikoistunutta liikett\u00e4. Tokmannin ja Jyskin sis\u00e4\u00e4nk\u00e4ynteihin\u00a0 p\u00e4\u00e4set suoraan parkkialueelta ja Pentikin, Iittala outletin, Mustin ja Mirrin, Maskun, Powerin sek\u00e4 Intersportin sis\u00e4\u00e4nk\u00e4ynnit ovat Galleria-k\u00e4yt\u00e4v\u00e4ll\u00e4. Lis\u00e4ksi viimeisen\u00e4 tulokkaana 2. kerroksessa Kymenlaakson\u00a0 hyvinvointialueen apuv\u00e4linekeskus ja hoitotarvikejakelu. Galleria-k\u00e4yt\u00e4v\u00e4lt\u00e4 l\u00f6ytyy my\u00f6s yleis\u00f6-wc ja\u00a0 kahviautomaatti. Tervetuloa kev\u00e4t! Tulethan k\u00e4ym\u00e4\u00e4n lauantaina 29.4. Jumalniemen kauppakeskuksen [&hellip;]<\/p>\n","protected":false},"author":6,"featured_media":0,"parent":0,"menu_order":0,"comment_status":"closed","ping_status":"closed","template":"","meta":{"footnotes":""},"class_list":["post-2","page","type-page","status-publish","hentry"],"_links":{"self":[{"href":"https:\/\/www.jumalniemenkauppakeskus.fi\/ru\/wp-json\/wp\/v2\/pages\/2","targetHints":{"allow":["GET"]}}],"collection":[{"href":"https:\/\/www.jumalniemenkauppakeskus.fi\/ru\/wp-json\/wp\/v2\/pages"}],"about":[{"href":"https:\/\/www.jumalniemenkauppakeskus.fi\/ru\/wp-json\/wp\/v2\/types\/page"}],"author":[{"embeddable":true,"href":"https:\/\/www.jumalniemenkauppakeskus.fi\/ru\/wp-json\/wp\/v2\/users\/6"}],"replies":[{"embeddable":true,"href":"https:\/\/www.jumalniemenkauppakeskus.fi\/ru\/wp-json\/wp\/v2\/comments?post=2"}],"version-history":[{"count":247,"href":"https:\/\/www.jumalniemenkauppakeskus.fi\/ru\/wp-json\/wp\/v2\/pages\/2\/revisions"}],"predecessor-version":[{"id":1597,"href":"https:\/\/www.jumalniemenkauppakeskus.fi\/ru\/wp-json\/wp\/v2\/pages\/2\/revisions\/1597"}],"wp:attachment":[{"href":"https:\/\/www.jumalniemenkauppakeskus.fi\/ru\/wp-json\/wp\/v2\/media?parent=2"}],"curies":[{"name":"wp","href":"https:\/\/api.w.org\/{rel}","templated":true}]}}